{"id":731,"date":"2023-04-28T22:05:23","date_gmt":"2023-04-28T19:05:23","guid":{"rendered":"https:\/\/siviren.com\/product\/p31-on-the-rocks\/"},"modified":"2023-05-18T13:42:26","modified_gmt":"2023-05-18T10:42:26","slug":"p31-on-the-rocks","status":"publish","type":"product","link":"https:\/\/siviren.com\/es\/shop\/p31-on-the-rocks\/","title":{"rendered":"P31 EN LAS ROCAS"},"content":{"rendered":"","protected":false},"excerpt":{"rendered":"<h3>INGREDIENTES:<\/h3>\n<p><img decoding=\"async\" class=\"jetpack-lazy-image jetpack-lazy-image--handled\" src=\"https:\/\/p31aperitivogreen.com\/wp-content\/uploads\/2022\/04\/Vector.png\" width=\"25px\" data-lazy-loaded=\"1\" \/> P31 Amargo Verde<br \/>\n<img decoding=\"async\" class=\"jetpack-lazy-image jetpack-lazy-image--handled\" src=\"https:\/\/p31aperitivogreen.com\/wp-content\/uploads\/2022\/04\/Vector.png\" width=\"25px\" data-lazy-loaded=\"1\" \/> Cubitos de hielo<br \/>\n<img decoding=\"async\" class=\"jetpack-lazy-image jetpack-lazy-image--handled\" src=\"https:\/\/p31aperitivogreen.com\/wp-content\/uploads\/2022\/04\/Vector.png\" width=\"25px\" data-lazy-loaded=\"1\" \/> Una rodaja de lima<\/p>\n<h3>Elaboraci\u00f3n:<\/h3>\n<p>Preparar en un vaso de chupito con o sin hielo a su discreci\u00f3n.<br \/>\nEl P31 Aperitivo Verde degustado solo, a temperatura ambiente o \u00abOn the Rocks\u00bb es una bebida perfecta para despu\u00e9s de las comidas con propiedades digestivas \u00fanicas gracias a la equilibrada infusi\u00f3n y a la perfecta combinaci\u00f3n de las hierbas.<\/p>\n","protected":false},"featured_media":730,"comment_status":"open","ping_status":"closed","template":"","meta":[],"product_cat":[],"product_tag":[],"_links":{"self":[{"href":"https:\/\/siviren.com\/es\/wp-json\/wp\/v2\/product\/731"}],"collection":[{"href":"https:\/\/siviren.com\/es\/wp-json\/wp\/v2\/product"}],"about":[{"href":"https:\/\/siviren.com\/es\/wp-json\/wp\/v2\/types\/product"}],"replies":[{"embeddable":true,"href":"https:\/\/siviren.com\/es\/wp-json\/wp\/v2\/comments?post=731"}],"wp:featuredmedia":[{"embeddable":true,"href":"https:\/\/siviren.com\/es\/wp-json\/wp\/v2\/media\/730"}],"wp:attachment":[{"href":"https:\/\/siviren.com\/es\/wp-json\/wp\/v2\/media?parent=731"}],"wp:term":[{"taxonomy":"product_cat","embeddable":true,"href":"https:\/\/siviren.com\/es\/wp-json\/wp\/v2\/product_cat?post=731"},{"taxonomy":"product_tag","embeddable":true,"href":"https:\/\/siviren.com\/es\/wp-json\/wp\/v2\/product_tag?post=731"}],"curies":[{"name":"wp","href":"https:\/\/api.w.org\/{rel}","templated":true}]}}